{"id":253,"date":"2020-06-17T10:23:10","date_gmt":"2020-06-17T08:23:10","guid":{"rendered":"http:\/\/kiwup.de\/impressum\/"},"modified":"2025-12-17T10:51:10","modified_gmt":"2025-12-17T09:51:10","slug":"legalnotice","status":"publish","type":"page","link":"https:\/\/kiwup.de\/en\/legalnotice\/","title":{"rendered":"Legal notice"},"content":{"rendered":"<p>Information provided according to Sec. 5 DDG:<\/p>\n<p>Dr. med. Julia Ittstein<br \/>\nKiwup \u2013 Kinderwunschpraxis in Bonn<br \/>\nTheaterplatz 18<br \/>\n53177 Bonn \u2013 Bad Godesberg<\/p>\n<p>T. +49 (0) 228.35 03 910<br \/>\nEmail: info@kiwup.de<br \/>\nHomepage: www.kiwup.de<\/p>\n<p><strong>Job title:<\/strong><br \/>\nDr. med. Julia Ittstein, Fach\u00e4rztin f\u00fcr Frauenheilkunde und Geburtshilfe, Zusatzbezeichnung Endokrinologie und Reproduktionsmedizin<br \/>\nApprobation verliehen durch das Bundesland Nordrhein-Westfalen \/ Bundesrepublik Deutschland.<\/p>\n<p>Dr. med. Peter Heuschen, Facharzt f\u00fcr Frauenheilkunde und Geburtshilfe, Zusatzbezeichnung Endokrinologie und Reproduktionsmedizin<br \/>\nApprobation verliehen durch das Bundesland Nordrhein-Westfalen \/ Bundesrepublik Deutschland.<\/p>\n<p>Dr. med. Fariba Biazar, Fach\u00e4rztin f\u00fcr Frauenheilkunde und Geburtshilfe, Zusatzbezeichnung Endokrinologie und Reproduktionsmedizin<br \/>\nApprobation verliehen durch das Bundesland Nordrhein-Westfalen \/ Bundesrepublik Deutschland.<\/p>\n<p><strong>Responsible board:<\/strong><br \/>\n\u00c4rztekammer Nordrhein<br \/>\nTersteegenstr. 9<br \/>\n40474 D\u00fcsseldorf<\/p>\n<p><strong>Responsible authority \/ District authorities:<\/strong><br \/>\nBezirksregierung K\u00f6ln<br \/>\nZeughausstra\u00dfe 2-10<br \/>\n50667 K\u00f6ln<\/p>\n<p><strong>The following professional regulations apply:<\/strong><br \/>\nBerufsordnung f\u00fcr die nordrheinischen \u00c4rztinnen und \u00c4rzte<\/p>\n<p><strong>Professional liability insurance:<\/strong><br \/>\nHDI Versicherung AG<br \/>\nHDI-Platz 1<br \/>\n30659 Hannover<br \/>\n+49 (0) 511 645-0<\/p>\n<p><strong>Responsible for content according to \u00a76 MDStV and \u00a76 TDG is: <\/strong><br \/>\nDr. med. Julia Ittstein<\/p>\n<p><strong>Picture credits: <\/strong><br \/>\n<a href=\"https:\/\/unsplash.com\/\" target=\"_blank\" rel=\"noopener noreferrer\">Unsplash<\/a><br \/>\nArchiv kiwup \u2013 Kinderwunschpraxis in Bonn<\/p>\n<p><strong>Design and realisation:<\/strong><br \/>\n<a href=\"https:\/\/bonnieundclyde.com\/\" target=\"_blank\" rel=\"noopener noreferrer\">Bonnie&amp;Clyde<\/a><\/p>\n<p><strong>Liability for Contents<\/strong><br \/>\nAs service providers, we are liable for own contents of these websites according to Sec. 7, paragraph 1 DDG. However, according to Sec. 8 to 10 DDG, service providers are not obligated to permanently monitor submitted or stored information or to search for evidences that indicate illegal activities. Legal obligations to removing information or to blocking the use of information remain unchallenged. In this case, liability is only possible at the time of knowledge about a specific violation of law. Illegal contents will be removed immediately at the time we get knowledge of them.<\/p>\n<p><strong>Liability for Links<\/strong><br \/>\nOur offer includes links to external third party websites. We have no influence on the contents of those websites, therefore we cannot guarantee for those contents. Providers or administrators of linked websites are always responsible for their own contents. The linked websites had been checked for possible violations of law at the time of the establishment of the link. Illegal contents were not detected at the time of the linking. A permanent monitoring of the contents of linked websites cannot be imposed without reasonable indications that there has been a violation of law. Illegal links will be removed immediately at the time we get knowledge of them.<\/p>\n<p><strong>Copyright<\/strong><br \/>\nContents and compilations published on these websites by the providers are subject to German copyright laws. Reproduction, editing, distribution as well as the use of any kind outside the scope of the copyright law require a written permission of the author or originator. Downloads and copies of these websites are permitted for private use only. The commercial use of our contents without permission of the originator is prohibited. Copyright laws of third parties are respected as long as the contents on these websites do not originate from the provider. Contributions of third parties on this site are indicated as such. However, if you notice any violations of copyright law, please inform us. Such contents will be removed immediately.<\/p>\n","protected":false},"excerpt":{"rendered":"<p>Information provided according to Sec. 5 DDG: Dr. med. Julia Ittstein Kiwup \u2013 Kinderwunschpraxis in Bonn Theaterplatz 18 53177 Bonn \u2013 Bad Godesberg T. +49 (0) 228.35 03 910 Email: info@kiwup.de Homepage: www.kiwup.de Job title: Dr. med. Julia Ittstein, Fach\u00e4rztin f\u00fcr Frauenheilkunde und Geburtshilfe, Zusatzbezeichnung Endokrinologie und Reproduktionsmedizin Approbation verliehen durch das Bundesland Nordrhein-Westfalen \/ [&hellip;]<\/p>\n","protected":false},"author":1,"featured_media":0,"parent":0,"menu_order":0,"comment_status":"closed","ping_status":"closed","template":"","meta":{"_acf_changed":false,"footnotes":""},"class_list":["post-253","page","type-page","status-publish","hentry"],"acf":[],"yoast_head":"<!-- This site is optimized with the Yoast SEO plugin v27.5 - https:\/\/yoast.com\/product\/yoast-seo-wordpress\/ -->\n<title>Legal notice - kiwup<\/title>\n<meta name=\"robots\" content=\"index, follow, max-snippet:-1, max-image-preview:large, max-video-preview:-1\" \/>\n<link rel=\"canonical\" href=\"https:\/\/kiwup.de\/en\/legalnotice\/\" \/>\n<meta property=\"og:locale\" content=\"en_US\" \/>\n<meta property=\"og:type\" content=\"article\" \/>\n<meta property=\"og:title\" content=\"Legal notice - kiwup\" \/>\n<meta property=\"og:description\" content=\"Information provided according to Sec. 5 DDG: Dr. med. Julia Ittstein Kiwup \u2013 Kinderwunschpraxis in Bonn Theaterplatz 18 53177 Bonn \u2013 Bad Godesberg T. +49 (0) 228.35 03 910 Email: info@kiwup.de Homepage: www.kiwup.de Job title: Dr. med. Julia Ittstein, Fach\u00e4rztin f\u00fcr Frauenheilkunde und Geburtshilfe, Zusatzbezeichnung Endokrinologie und Reproduktionsmedizin Approbation verliehen durch das Bundesland Nordrhein-Westfalen \/ [&hellip;]\" \/>\n<meta property=\"og:url\" content=\"https:\/\/kiwup.de\/en\/legalnotice\/\" \/>\n<meta property=\"og:site_name\" content=\"kiwup\" \/>\n<meta property=\"article:modified_time\" content=\"2025-12-17T09:51:10+00:00\" \/>\n<meta name=\"twitter:card\" content=\"summary_large_image\" \/>\n<meta name=\"twitter:label1\" content=\"Est. reading time\" \/>\n\t<meta name=\"twitter:data1\" content=\"3 minutes\" \/>\n<script type=\"application\/ld+json\" class=\"yoast-schema-graph\">{\"@context\":\"https:\\\/\\\/schema.org\",\"@graph\":[{\"@type\":\"WebPage\",\"@id\":\"https:\\\/\\\/kiwup.de\\\/en\\\/legalnotice\\\/\",\"url\":\"https:\\\/\\\/kiwup.de\\\/en\\\/legalnotice\\\/\",\"name\":\"Legal notice - kiwup\",\"isPartOf\":{\"@id\":\"https:\\\/\\\/kiwup.de\\\/en\\\/#website\"},\"datePublished\":\"2020-06-17T08:23:10+00:00\",\"dateModified\":\"2025-12-17T09:51:10+00:00\",\"breadcrumb\":{\"@id\":\"https:\\\/\\\/kiwup.de\\\/en\\\/legalnotice\\\/#breadcrumb\"},\"inLanguage\":\"en-US\",\"potentialAction\":[{\"@type\":\"ReadAction\",\"target\":[\"https:\\\/\\\/kiwup.de\\\/en\\\/legalnotice\\\/\"]}]},{\"@type\":\"BreadcrumbList\",\"@id\":\"https:\\\/\\\/kiwup.de\\\/en\\\/legalnotice\\\/#breadcrumb\",\"itemListElement\":[{\"@type\":\"ListItem\",\"position\":1,\"name\":\"Startseite\",\"item\":\"https:\\\/\\\/kiwup.de\\\/en\\\/\"},{\"@type\":\"ListItem\",\"position\":2,\"name\":\"Legal notice\"}]},{\"@type\":\"WebSite\",\"@id\":\"https:\\\/\\\/kiwup.de\\\/en\\\/#website\",\"url\":\"https:\\\/\\\/kiwup.de\\\/en\\\/\",\"name\":\"kiwup - Die Kinderwunschpraxis in Bonn\",\"description\":\"Kinderwunschpraxis in Bonn\",\"potentialAction\":[{\"@type\":\"SearchAction\",\"target\":{\"@type\":\"EntryPoint\",\"urlTemplate\":\"https:\\\/\\\/kiwup.de\\\/en\\\/?s={search_term_string}\"},\"query-input\":{\"@type\":\"PropertyValueSpecification\",\"valueRequired\":true,\"valueName\":\"search_term_string\"}}],\"inLanguage\":\"en-US\"}]}<\/script>\n<!-- \/ Yoast SEO plugin. -->","yoast_head_json":{"title":"Legal notice - kiwup","robots":{"index":"index","follow":"follow","max-snippet":"max-snippet:-1","max-image-preview":"max-image-preview:large","max-video-preview":"max-video-preview:-1"},"canonical":"https:\/\/kiwup.de\/en\/legalnotice\/","og_locale":"en_US","og_type":"article","og_title":"Legal notice - kiwup","og_description":"Information provided according to Sec. 5 DDG: Dr. med. Julia Ittstein Kiwup \u2013 Kinderwunschpraxis in Bonn Theaterplatz 18 53177 Bonn \u2013 Bad Godesberg T. +49 (0) 228.35 03 910 Email: info@kiwup.de Homepage: www.kiwup.de Job title: Dr. med. Julia Ittstein, Fach\u00e4rztin f\u00fcr Frauenheilkunde und Geburtshilfe, Zusatzbezeichnung Endokrinologie und Reproduktionsmedizin Approbation verliehen durch das Bundesland Nordrhein-Westfalen \/ [&hellip;]","og_url":"https:\/\/kiwup.de\/en\/legalnotice\/","og_site_name":"kiwup","article_modified_time":"2025-12-17T09:51:10+00:00","twitter_card":"summary_large_image","twitter_misc":{"Est. reading time":"3 minutes"},"schema":{"@context":"https:\/\/schema.org","@graph":[{"@type":"WebPage","@id":"https:\/\/kiwup.de\/en\/legalnotice\/","url":"https:\/\/kiwup.de\/en\/legalnotice\/","name":"Legal notice - kiwup","isPartOf":{"@id":"https:\/\/kiwup.de\/en\/#website"},"datePublished":"2020-06-17T08:23:10+00:00","dateModified":"2025-12-17T09:51:10+00:00","breadcrumb":{"@id":"https:\/\/kiwup.de\/en\/legalnotice\/#breadcrumb"},"inLanguage":"en-US","potentialAction":[{"@type":"ReadAction","target":["https:\/\/kiwup.de\/en\/legalnotice\/"]}]},{"@type":"BreadcrumbList","@id":"https:\/\/kiwup.de\/en\/legalnotice\/#breadcrumb","itemListElement":[{"@type":"ListItem","position":1,"name":"Startseite","item":"https:\/\/kiwup.de\/en\/"},{"@type":"ListItem","position":2,"name":"Legal notice"}]},{"@type":"WebSite","@id":"https:\/\/kiwup.de\/en\/#website","url":"https:\/\/kiwup.de\/en\/","name":"kiwup - Die Kinderwunschpraxis in Bonn","description":"Kinderwunschpraxis in Bonn","potentialAction":[{"@type":"SearchAction","target":{"@type":"EntryPoint","urlTemplate":"https:\/\/kiwup.de\/en\/?s={search_term_string}"},"query-input":{"@type":"PropertyValueSpecification","valueRequired":true,"valueName":"search_term_string"}}],"inLanguage":"en-US"}]}},"_links":{"self":[{"href":"https:\/\/kiwup.de\/en\/wp-json\/wp\/v2\/pages\/253","targetHints":{"allow":["GET"]}}],"collection":[{"href":"https:\/\/kiwup.de\/en\/wp-json\/wp\/v2\/pages"}],"about":[{"href":"https:\/\/kiwup.de\/en\/wp-json\/wp\/v2\/types\/page"}],"author":[{"embeddable":true,"href":"https:\/\/kiwup.de\/en\/wp-json\/wp\/v2\/users\/1"}],"replies":[{"embeddable":true,"href":"https:\/\/kiwup.de\/en\/wp-json\/wp\/v2\/comments?post=253"}],"version-history":[{"count":5,"href":"https:\/\/kiwup.de\/en\/wp-json\/wp\/v2\/pages\/253\/revisions"}],"predecessor-version":[{"id":2051,"href":"https:\/\/kiwup.de\/en\/wp-json\/wp\/v2\/pages\/253\/revisions\/2051"}],"wp:attachment":[{"href":"https:\/\/kiwup.de\/en\/wp-json\/wp\/v2\/media?parent=253"}],"curies":[{"name":"wp","href":"https:\/\/api.w.org\/{rel}","templated":true}]}}